{"id":437,"date":"2024-04-09T00:20:07","date_gmt":"2024-04-08T22:20:07","guid":{"rendered":"https:\/\/stroj-sonnenschutz.at\/?page_id=437"},"modified":"2024-04-09T00:20:07","modified_gmt":"2024-04-08T22:20:07","slug":"insektenschutz-rollo","status":"publish","type":"page","link":"https:\/\/stroj-sonnenschutz.at\/?page_id=437","title":{"rendered":"INSEKTENSCHUTZ ROLLO"},"content":{"rendered":"\n<p>Element f\u00fcr Fenster, T\u00fcre oder Dachfl\u00e4chenfenster. Einfach zu montieren und perfekt in der Passform (vertikal \/ horizontal). Insektenschutzrollos sind einfach und komfortabel f\u00fcr die t\u00e4gliche Bedienung geeignet. Kein Ausf\u00e4deln des Gewebes aus der F\u00fchrung m\u00f6glich!<\/p>\n\n\n\n<p>Rahmen-Farben: 9 Standardfarben und jede RAL Farbe<\/p>\n\n\n\n<p>Abma\u00dfe: max. Breite 2000 mm x max. H\u00f6he 2500 mm<\/p>\n\n\n\n<p>Standardgewebe: Fiberglasgewebe grau, Garnst\u00e4rke: 0,28 mm<\/p>\n\n\n\n<p>Sondergewebe: Transpatec Gewebe in anthrazit, Garnst\u00e4rke: 0,15 mm<\/p>\n","protected":false},"excerpt":{"rendered":"<p>Element f\u00fcr Fenster, T\u00fcre oder Dachfl\u00e4chenfenster. Einfach zu montieren und perfekt in der Passform (vertikal \/ horizontal). Insektenschutzrollos sind einfach und komfortabel f\u00fcr die t\u00e4gliche Bedienung geeignet. Kein Ausf\u00e4deln des Gewebes aus der F\u00fchrung m\u00f6glich! Rahmen-Farben: 9 Standardfarben und jede RAL Farbe Abma\u00dfe: max. Breite 2000 mm x max. H\u00f6he 2500 mm Standardgewebe: Fiberglasgewebe grau, [&hellip;]<\/p>\n","protected":false},"author":1,"featured_media":0,"parent":0,"menu_order":0,"comment_status":"closed","ping_status":"closed","template":"","meta":{"_themeisle_gutenberg_block_has_review":false,"footnotes":""},"class_list":["post-437","page","type-page","status-publish","hentry"],"_links":{"self":[{"href":"https:\/\/stroj-sonnenschutz.at\/index.php?rest_route=\/wp\/v2\/pages\/437","targetHints":{"allow":["GET"]}}],"collection":[{"href":"https:\/\/stroj-sonnenschutz.at\/index.php?rest_route=\/wp\/v2\/pages"}],"about":[{"href":"https:\/\/stroj-sonnenschutz.at\/index.php?rest_route=\/wp\/v2\/types\/page"}],"author":[{"embeddable":true,"href":"https:\/\/stroj-sonnenschutz.at\/index.php?rest_route=\/wp\/v2\/users\/1"}],"replies":[{"embeddable":true,"href":"https:\/\/stroj-sonnenschutz.at\/index.php?rest_route=%2Fwp%2Fv2%2Fcomments&post=437"}],"version-history":[{"count":1,"href":"https:\/\/stroj-sonnenschutz.at\/index.php?rest_route=\/wp\/v2\/pages\/437\/revisions"}],"predecessor-version":[{"id":438,"href":"https:\/\/stroj-sonnenschutz.at\/index.php?rest_route=\/wp\/v2\/pages\/437\/revisions\/438"}],"wp:attachment":[{"href":"https:\/\/stroj-sonnenschutz.at\/index.php?rest_route=%2Fwp%2Fv2%2Fmedia&parent=437"}],"curies":[{"name":"wp","href":"https:\/\/api.w.org\/{rel}","templated":true}]}}